{"id":16464,"date":"2025-01-13T15:19:32","date_gmt":"2025-01-13T14:19:32","guid":{"rendered":"https:\/\/www.comptoirducerame.com\/blog\/?page_id=16464"},"modified":"2025-01-13T15:21:54","modified_gmt":"2025-01-13T14:21:54","slug":"notre-offre","status":"publish","type":"page","link":"https:\/\/www.comptoirducerame.com\/blog\/notre-offre\/","title":{"rendered":"Notre offre"},"content":{"rendered":"\n<p>LES ESPACES<\/p>\n\n\n\n<p>Gr\u00e2ce \u00e0 ses nombreuses gammes et designs, Comptoir du C\u00e9rame vous donne l\u2019opportunit\u00e9 d\u2019am\u00e9nager et de styliser toutes les pi\u00e8ces de la maison : de la salle de bain \u00e0 la cuisine en passant m\u00eame par la terrasse.<\/p>\n\n\n\n<p>SALLE DE BAIN<\/p>\n\n\n\n<figure class=\"wp-block-image size-large\"><img loading=\"lazy\" decoding=\"async\" width=\"1024\" height=\"1024\" src=\"https:\/\/www.comptoirducerame.com\/blog\/wp-content\/uploads\/2025\/01\/170623649_1569878826519240_1746862698835690810_n-1024x1024.jpg\" alt=\"\" class=\"wp-image-16478\" srcset=\"https:\/\/www.comptoirducerame.com\/blog\/wp-content\/uploads\/2025\/01\/170623649_1569878826519240_1746862698835690810_n-1024x1024.jpg 1024w, https:\/\/www.comptoirducerame.com\/blog\/wp-content\/uploads\/2025\/01\/170623649_1569878826519240_1746862698835690810_n-300x300.jpg 300w, https:\/\/www.comptoirducerame.com\/blog\/wp-content\/uploads\/2025\/01\/170623649_1569878826519240_1746862698835690810_n-150x150.jpg 150w, https:\/\/www.comptoirducerame.com\/blog\/wp-content\/uploads\/2025\/01\/170623649_1569878826519240_1746862698835690810_n-768x768.jpg 768w, https:\/\/www.comptoirducerame.com\/blog\/wp-content\/uploads\/2025\/01\/170623649_1569878826519240_1746862698835690810_n.jpg 1440w\" sizes=\"auto, (max-width: 1024px) 100vw, 1024px\" \/><\/figure>\n\n\n\n<p>Endroit de douceur et de relaxation par excellence, la salle de bain impulse l\u2019ambiance et le style de toute une maison, vous pouvez ainsi tout vous permettre : du moderne, du r\u00e9tro, de l\u2019oriental, de l\u2019exotique, du chic ou encore du vintage. Laissez parler votre cr\u00e9ativit\u00e9 pour une salle de bain qui vous ressemble.  <\/p>\n\n\n\n<div class=\"wp-block-buttons is-layout-flex wp-block-buttons-is-layout-flex\">\n<div class=\"wp-block-button\"><a class=\"wp-block-button__link wp-element-button\" href=\"https:\/\/www.comptoirducerame.com\/fr\/45-carrelage-salle-de-bain\">Carrelage Salle de bain<\/a><\/div>\n<\/div>\n\n\n\n<p>CUISINE<\/p>\n\n\n\n<figure class=\"wp-block-image size-large\"><img loading=\"lazy\" decoding=\"async\" width=\"1024\" height=\"1024\" src=\"https:\/\/www.comptoirducerame.com\/blog\/wp-content\/uploads\/2025\/01\/170628693_1569878829852573_2972230230430093392_n-1024x1024.jpg\" alt=\"\" class=\"wp-image-16477\" srcset=\"https:\/\/www.comptoirducerame.com\/blog\/wp-content\/uploads\/2025\/01\/170628693_1569878829852573_2972230230430093392_n-1024x1024.jpg 1024w, https:\/\/www.comptoirducerame.com\/blog\/wp-content\/uploads\/2025\/01\/170628693_1569878829852573_2972230230430093392_n-300x300.jpg 300w, https:\/\/www.comptoirducerame.com\/blog\/wp-content\/uploads\/2025\/01\/170628693_1569878829852573_2972230230430093392_n-150x150.jpg 150w, https:\/\/www.comptoirducerame.com\/blog\/wp-content\/uploads\/2025\/01\/170628693_1569878829852573_2972230230430093392_n-768x768.jpg 768w, https:\/\/www.comptoirducerame.com\/blog\/wp-content\/uploads\/2025\/01\/170628693_1569878829852573_2972230230430093392_n.jpg 1440w\" sizes=\"auto, (max-width: 1024px) 100vw, 1024px\" \/><\/figure>\n\n\n\n<p>C\u0153ur du foyer, la cuisine constitue l\u2019espace chaleureux de la maison. En termes de carreaux, de multiples options s\u2019offrent \u00e0 vous. Vous pouvez autant opter pour des carreaux naturels comme de la terre cuite ou du marbre que pour des carreaux plus contemporains.<\/p>\n\n\n\n<div class=\"wp-block-buttons is-layout-flex wp-block-buttons-is-layout-flex\">\n<div class=\"wp-block-button\"><a class=\"wp-block-button__link wp-element-button\" href=\"https:\/\/www.comptoirducerame.com\/fr\/804-carrelage-cuisine\">Carrelage cuisine<\/a><\/div>\n<\/div>\n\n\n\n<p><\/p>\n\n\n\n<p>TERRASSE<\/p>\n\n\n\n<p>Qu\u2019elle soit int\u00e9rieure ou ext\u00e9rieure, la terrasse est avant tout un lieu de r\u00e9confort et encore plus depuis que les carreaux y pointent le bout de leur nez. Si ces derniers sont bien s\u00e9lectionn\u00e9s, ils r\u00e9sistent sans probl\u00e8mes aux intemp\u00e9ries et autres conditions m\u00e9t\u00e9orologiques d\u00e9favorables et vous offriront, par-dessus tout, un rendu ultra tendance.<\/p>\n\n\n\n<div class=\"wp-block-buttons is-layout-flex wp-block-buttons-is-layout-flex\">\n<div class=\"wp-block-button\"><a class=\"wp-block-button__link wp-element-button\" href=\"https:\/\/www.comptoirducerame.com\/fr\/53-carrelage-terrasse\">Carrelage Terrasse<\/a><\/div>\n<\/div>\n\n\n\n<h3 class=\"wp-block-heading\">les styles de carrelage propos\u00e9s par<br>Comptoir du C\u00e9rame<\/h3>\n\n\n\n<p><strong>En termes de style, c\u2019est avant tout un voyage \u00e0 travers le temps que veut offrir comptoir du c\u00e9rame.<\/strong><\/p>\n\n\n\n<p>au travers de ses gammes, vous serez amen\u00e9 \u00e0 naviguer entre le moderne et le r\u00e9tro, le rustique et le baroque ou encore le proven\u00e7al et le contemporain. en fonction des surfaces que vous habillerez et du rendu que vous souhaitez, plusieurs options s\u2019offriront \u00e0 vous : la couleur, la terre cuite, la fa\u00efence ou encore le marbre.<\/p>\n\n\n\n<p>au-del\u00e0 d\u2019une s\u00e9lection de produits, ce sont de v\u00e9ritables d\u00e9cors inspir\u00e9s que vous offre comptoir du c\u00e9rame. les univers sont pr\u00e9con\u00e7us pour vous offrir un voyage aussi sensoriel qu\u2019artistique.<\/p>\n\n\n\n<p>c\u2019est la composition de cet artisanat mythique et de la singularit\u00e9 des go\u00fbts de chacun qui cr\u00e9eront l\u2019option parfaite. alors faites-vous confiance et prenez possession des espaces pour cr\u00e9er votre int\u00e9rieur id\u00e9al.<\/p>\n\n\n\n<figure class=\"wp-block-gallery has-nested-images columns-default is-cropped wp-block-gallery-1 is-layout-flex wp-block-gallery-is-layout-flex\">\n<figure class=\"wp-block-image size-large\"><img loading=\"lazy\" decoding=\"async\" width=\"1024\" height=\"1024\" data-id=\"16476\" src=\"https:\/\/www.comptoirducerame.com\/blog\/wp-content\/uploads\/2025\/01\/162319298_1555949391245517_404408288956720854_n-e1629896978154-1024x1024.jpg\" alt=\"\" class=\"wp-image-16476\" srcset=\"https:\/\/www.comptoirducerame.com\/blog\/wp-content\/uploads\/2025\/01\/162319298_1555949391245517_404408288956720854_n-e1629896978154-1024x1024.jpg 1024w, https:\/\/www.comptoirducerame.com\/blog\/wp-content\/uploads\/2025\/01\/162319298_1555949391245517_404408288956720854_n-e1629896978154-300x300.jpg 300w, https:\/\/www.comptoirducerame.com\/blog\/wp-content\/uploads\/2025\/01\/162319298_1555949391245517_404408288956720854_n-e1629896978154-150x150.jpg 150w, https:\/\/www.comptoirducerame.com\/blog\/wp-content\/uploads\/2025\/01\/162319298_1555949391245517_404408288956720854_n-e1629896978154-768x768.jpg 768w, https:\/\/www.comptoirducerame.com\/blog\/wp-content\/uploads\/2025\/01\/162319298_1555949391245517_404408288956720854_n-e1629896978154.jpg 1439w\" sizes=\"auto, (max-width: 1024px) 100vw, 1024px\" \/><\/figure>\n\n\n\n<figure class=\"wp-block-image size-large\"><img loading=\"lazy\" decoding=\"async\" width=\"1024\" height=\"1024\" data-id=\"16475\" src=\"https:\/\/www.comptoirducerame.com\/blog\/wp-content\/uploads\/2025\/01\/165092247_1562280757279047_756751583400908559_n-1024x1024.jpg\" alt=\"\" class=\"wp-image-16475\" srcset=\"https:\/\/www.comptoirducerame.com\/blog\/wp-content\/uploads\/2025\/01\/165092247_1562280757279047_756751583400908559_n-1024x1024.jpg 1024w, https:\/\/www.comptoirducerame.com\/blog\/wp-content\/uploads\/2025\/01\/165092247_1562280757279047_756751583400908559_n-300x300.jpg 300w, https:\/\/www.comptoirducerame.com\/blog\/wp-content\/uploads\/2025\/01\/165092247_1562280757279047_756751583400908559_n-150x150.jpg 150w, https:\/\/www.comptoirducerame.com\/blog\/wp-content\/uploads\/2025\/01\/165092247_1562280757279047_756751583400908559_n-768x768.jpg 768w, https:\/\/www.comptoirducerame.com\/blog\/wp-content\/uploads\/2025\/01\/165092247_1562280757279047_756751583400908559_n.jpg 1440w\" sizes=\"auto, (max-width: 1024px) 100vw, 1024px\" \/><\/figure>\n<\/figure>\n\n\n\n<h2 class=\"wp-block-heading\">Les formes de carreaux<\/h2>\n\n\n\n<p>Gr\u00e2ce \u00e0 l&rsquo;\u00e9norme vari\u00e9t\u00e9 de formats et de m\u00e9thodes de pose disponibles, les possibilit\u00e9s d\u00e9coratives des carreaux de carrelage se multiplient. Comptoir du C\u00e9rame vous propose de nombreuses formes de carrelage vous permettant ainsi de trouver celle qui correspondra \u00e0 votre projet de d\u00e9coration.<\/p>\n\n\n\n<div class=\"wp-block-media-text is-stacked-on-mobile\" style=\"grid-template-columns:15% auto\"><figure class=\"wp-block-media-text__media\"><img decoding=\"async\" src=\"https:\/\/www.comptoirducerame-inspirations.com\/wp-content\/uploads\/2022\/02\/PICTO-FORMES_Plan-de-travail-1.svg\" alt=\"\" class=\"wp-image-1135 size-full\"\/><\/figure><div class=\"wp-block-media-text__content\">\n<p>LOSANGE<\/p>\n<\/div><\/div>\n\n\n\n<p>Id\u00e9al pour un int\u00e9rieur contemporain et design, <a href=\"https:\/\/www.comptoirducerame.com\/fr\/1373-carrellage-losange\" data-type=\"link\" data-id=\"https:\/\/www.comptoirducerame.com\/fr\/1373-carrellage-losange\">le carrelage losange<\/a> a su s\u2019imposer comme la r\u00e9f\u00e9rence pour les sols, les rev\u00eatements de douche mais \u00e9galement pour les murs et autres cr\u00e9dences de cuisine.<\/p>\n\n\n\n<p>RECTANGULAIRE<\/p>\n\n\n\n<div class=\"wp-block-media-text is-stacked-on-mobile\" style=\"grid-template-columns:15% auto\"><figure class=\"wp-block-media-text__media\"><img decoding=\"async\" src=\"https:\/\/www.comptoirducerame-inspirations.com\/wp-content\/uploads\/2022\/02\/PICTO-FORMES_Plan-de-travail-1-copie-3.svg\" alt=\"\" class=\"wp-image-1131 size-full\"\/><\/figure><div class=\"wp-block-media-text__content\"><\/div><\/div>\n\n\n\n<p>Simple et efficace, ce type de carrelage s\u2019adaptera \u00e0 tous les espaces et toutes les pi\u00e8ces. Vous pourrez ainsi l&rsquo;implanter autant dans une pi\u00e8ce \u00e0 vivre que dans une salle de bain ou une cuisine. <a href=\"https:\/\/www.comptoirducerame.com\/fr\/993-carrelage-rectangulaire\" data-type=\"link\" data-id=\"https:\/\/www.comptoirducerame.com\/fr\/993-carrelage-rectangulaire\">D\u00e9couvrez-les <\/a> <\/p>\n\n\n\n<div class=\"wp-block-media-text is-stacked-on-mobile\" style=\"grid-template-columns:15% auto\"><figure class=\"wp-block-media-text__media\"><img decoding=\"async\" src=\"https:\/\/www.comptoirducerame-inspirations.com\/wp-content\/uploads\/2022\/02\/PICTO-FORMES_Plan-de-travail-1-copie.svg\" alt=\"\" class=\"wp-image-1134 size-full\"\/><\/figure><div class=\"wp-block-media-text__content\">\n<p>\u00c9CAILLE<\/p>\n<\/div><\/div>\n\n\n\n<p>Plus largement utilis\u00e9 dans les salles de bain, <a href=\"https:\/\/www.comptoirducerame.com\/fr\/1334-carrelage-ecailles\" data-type=\"link\" data-id=\"https:\/\/www.comptoirducerame.com\/fr\/1334-carrelage-ecailles\">le carrelage \u00e9caille<\/a> tend \u00e0 se diversifier pour s\u2019int\u00e9grer d\u00e9sormais dans les cuisines et m\u00eame les terrasses. Simple mais original, il vous aidera \u00e0 dynamiser votre int\u00e9rieur.<\/p>\n\n\n\n<div class=\"wp-block-media-text is-stacked-on-mobile\" style=\"grid-template-columns:15% auto\"><figure class=\"wp-block-media-text__media\"><img decoding=\"async\" src=\"https:\/\/www.comptoirducerame-inspirations.com\/wp-content\/uploads\/2022\/02\/PICTO-FORMES_Plan-de-travail-1-copie-4.svg\" alt=\"\" class=\"wp-image-1132 size-full\"\/><\/figure><div class=\"wp-block-media-text__content\">\n<p>Carr\u00e9<\/p>\n<\/div><\/div>\n\n\n\n<p>L&rsquo;avantage des <a href=\"https:\/\/www.comptoirducerame.com\/fr\/992-carrelage-carre\" data-type=\"link\" data-id=\"https:\/\/www.comptoirducerame.com\/fr\/992-carrelage-carre\">carreaux carr\u00e9s<\/a> est leur polyvalence. Autant int\u00e9grables sur les sols que sur les murs, ils s&rsquo;int\u00e9greront aussi parfaitement sur des cr\u00e9dences ou dans une douche \u00e0 l\u2019italienne.<\/p>\n\n\n\n<div class=\"wp-block-media-text is-stacked-on-mobile\" style=\"grid-template-columns:15% auto\"><figure class=\"wp-block-media-text__media\"><img decoding=\"async\" src=\"https:\/\/www.comptoirducerame-inspirations.com\/wp-content\/uploads\/2022\/02\/PICTO-FORMES_Plan-de-travail-1-copie-2.svg\" alt=\"\" class=\"wp-image-1130 size-full\"\/><\/figure><div class=\"wp-block-media-text__content\">\n<p>HEXAGONAL<\/p>\n<\/div><\/div>\n\n\n\n<p><a href=\"https:\/\/www.comptoirducerame.com\/fr\/480-carrelage-hexagonal\" data-type=\"link\" data-id=\"https:\/\/www.comptoirducerame.com\/fr\/480-carrelage-hexagonal\">Le carrelage hexagonal <\/a>est la forme tendance de ces derni\u00e8res ann\u00e9es. Disponibles en plusieurs aspects, ces carreaux sont souvent associ\u00e9s entre eux en variation de couleurs, leur effet est ainsi imm\u00e9diat.<\/p>\n\n\n\n<div class=\"wp-block-media-text is-stacked-on-mobile\" style=\"grid-template-columns:15% auto\"><figure class=\"wp-block-media-text__media\"><img decoding=\"async\" src=\"https:\/\/www.comptoirducerame-inspirations.com\/wp-content\/uploads\/2022\/02\/PICTO-FORMES_Plan-de-travail-1-copie-5.svg\" alt=\"\" class=\"wp-image-1133 size-full\"\/><\/figure><div class=\"wp-block-media-text__content\">\n<p>OCTOGONAL<\/p>\n<\/div><\/div>\n\n\n\n<p>Variant de son cousin l\u2019hexagonal, <a href=\"https:\/\/www.comptoirducerame.com\/fr\/994-carrelage-octogonal\" data-type=\"link\" data-id=\"https:\/\/www.comptoirducerame.com\/fr\/994-carrelage-octogonal\">le carrelage octogonal <\/a>est tout autant tendance. Pour un rendu plus surprenant, variez les mati\u00e8res et les couleurs : le r\u00e9sultat ne manquera pas d&rsquo;impressionner votre entourage.<\/p>\n","protected":false},"excerpt":{"rendered":"<p>LES ESPACES Gr\u00e2ce \u00e0 ses nombreuses gammes et designs, Comptoir du C\u00e9rame vous donne l\u2019opportunit\u00e9 d\u2019am\u00e9nager et de styliser toutes les pi\u00e8ces de la maison : de la salle de bain \u00e0 la cuisine en passant m\u00eame par la terrasse. SALLE DE BAIN Endroit de douceur et de relaxation par excellence, la salle de bain &hellip; <a class=\"more-link\" href=\"https:\/\/www.comptoirducerame.com\/blog\/notre-offre\/\">Lire la suite<i class=\"ion-ios-arrow-thin-right\"><\/i><\/a><\/p>\n","protected":false},"author":1,"featured_media":0,"parent":0,"menu_order":0,"comment_status":"closed","ping_status":"closed","template":"","meta":{"inline_featured_image":false,"footnotes":""},"class_list":["post-16464","page","type-page","status-publish","hentry"],"yoast_head":"<!-- This site is optimized with the Yoast SEO plugin v27.1.1 - https:\/\/yoast.com\/product\/yoast-seo-wordpress\/ -->\n<title>Notre offre - Toutes les actualit\u00e9s et tendance du Carrelage<\/title>\n<meta name=\"robots\" content=\"index, follow, max-snippet:-1, max-image-preview:large, max-video-preview:-1\" \/>\n<link rel=\"canonical\" href=\"https:\/\/www.comptoirducerame.com\/blog\/notre-offre\/\" \/>\n<meta property=\"og:locale\" content=\"fr_FR\" \/>\n<meta property=\"og:type\" content=\"article\" \/>\n<meta property=\"og:title\" content=\"Notre offre - Toutes les actualit\u00e9s et tendance du Carrelage\" \/>\n<meta property=\"og:description\" content=\"LES ESPACES Gr\u00e2ce \u00e0 ses nombreuses gammes et designs, Comptoir du C\u00e9rame vous donne l\u2019opportunit\u00e9 d\u2019am\u00e9nager et de styliser toutes les pi\u00e8ces de la maison : de la salle de bain \u00e0 la cuisine en passant m\u00eame par la terrasse. SALLE DE BAIN Endroit de douceur et de relaxation par excellence, la salle de bain &hellip; Lire la suite\" \/>\n<meta property=\"og:url\" content=\"https:\/\/www.comptoirducerame.com\/blog\/notre-offre\/\" \/>\n<meta property=\"og:site_name\" content=\"Toutes les actualit\u00e9s et tendance du Carrelage\" \/>\n<meta property=\"article:publisher\" content=\"https:\/\/www.facebook.com\/comptoirducerame\/\" \/>\n<meta property=\"article:modified_time\" content=\"2025-01-13T14:21:54+00:00\" \/>\n<meta property=\"og:image\" content=\"https:\/\/www.comptoirducerame.com\/blog\/wp-content\/uploads\/2025\/01\/170623649_1569878826519240_1746862698835690810_n.jpg\" \/>\n\t<meta property=\"og:image:width\" content=\"1440\" \/>\n\t<meta property=\"og:image:height\" content=\"1440\" \/>\n\t<meta property=\"og:image:type\" content=\"image\/jpeg\" \/>\n<meta name=\"twitter:card\" content=\"summary_large_image\" \/>\n<meta name=\"twitter:label1\" content=\"Dur\u00e9e de lecture estim\u00e9e\" \/>\n\t<meta name=\"twitter:data1\" content=\"3 minutes\" \/>\n<script type=\"application\/ld+json\" class=\"yoast-schema-graph\">{\"@context\":\"https:\/\/schema.org\",\"@graph\":[{\"@type\":\"WebPage\",\"@id\":\"https:\/\/www.comptoirducerame.com\/blog\/notre-offre\/\",\"url\":\"https:\/\/www.comptoirducerame.com\/blog\/notre-offre\/\",\"name\":\"Notre offre - Toutes les actualit\u00e9s et tendance du Carrelage\",\"isPartOf\":{\"@id\":\"https:\/\/www.comptoirducerame.com\/blog\/#website\"},\"primaryImageOfPage\":{\"@id\":\"https:\/\/www.comptoirducerame.com\/blog\/notre-offre\/#primaryimage\"},\"image\":{\"@id\":\"https:\/\/www.comptoirducerame.com\/blog\/notre-offre\/#primaryimage\"},\"thumbnailUrl\":\"https:\/\/www.comptoirducerame.com\/blog\/wp-content\/uploads\/2025\/01\/170623649_1569878826519240_1746862698835690810_n-1024x1024.jpg\",\"datePublished\":\"2025-01-13T14:19:32+00:00\",\"dateModified\":\"2025-01-13T14:21:54+00:00\",\"breadcrumb\":{\"@id\":\"https:\/\/www.comptoirducerame.com\/blog\/notre-offre\/#breadcrumb\"},\"inLanguage\":\"fr-FR\",\"potentialAction\":[{\"@type\":\"ReadAction\",\"target\":[\"https:\/\/www.comptoirducerame.com\/blog\/notre-offre\/\"]}]},{\"@type\":\"ImageObject\",\"inLanguage\":\"fr-FR\",\"@id\":\"https:\/\/www.comptoirducerame.com\/blog\/notre-offre\/#primaryimage\",\"url\":\"https:\/\/www.comptoirducerame.com\/blog\/wp-content\/uploads\/2025\/01\/170623649_1569878826519240_1746862698835690810_n.jpg\",\"contentUrl\":\"https:\/\/www.comptoirducerame.com\/blog\/wp-content\/uploads\/2025\/01\/170623649_1569878826519240_1746862698835690810_n.jpg\",\"width\":1440,\"height\":1440},{\"@type\":\"BreadcrumbList\",\"@id\":\"https:\/\/www.comptoirducerame.com\/blog\/notre-offre\/#breadcrumb\",\"itemListElement\":[{\"@type\":\"ListItem\",\"position\":1,\"name\":\"Accueil\",\"item\":\"https:\/\/www.comptoirducerame.com\/blog\/\"},{\"@type\":\"ListItem\",\"position\":2,\"name\":\"Notre offre\"}]},{\"@type\":\"WebSite\",\"@id\":\"https:\/\/www.comptoirducerame.com\/blog\/#website\",\"url\":\"https:\/\/www.comptoirducerame.com\/blog\/\",\"name\":\"Blog du comptoir du C\u00e9rame\",\"description\":\"\",\"publisher\":{\"@id\":\"https:\/\/www.comptoirducerame.com\/blog\/#organization\"},\"potentialAction\":[{\"@type\":\"SearchAction\",\"target\":{\"@type\":\"EntryPoint\",\"urlTemplate\":\"https:\/\/www.comptoirducerame.com\/blog\/?s={search_term_string}\"},\"query-input\":{\"@type\":\"PropertyValueSpecification\",\"valueRequired\":true,\"valueName\":\"search_term_string\"}}],\"inLanguage\":\"fr-FR\"},{\"@type\":\"Organization\",\"@id\":\"https:\/\/www.comptoirducerame.com\/blog\/#organization\",\"name\":\"Blog du comptoir du C\u00e9rame\",\"url\":\"https:\/\/www.comptoirducerame.com\/blog\/\",\"logo\":{\"@type\":\"ImageObject\",\"inLanguage\":\"fr-FR\",\"@id\":\"https:\/\/www.comptoirducerame.com\/blog\/#\/schema\/logo\/image\/\",\"url\":\"https:\/\/www.comptoirducerame.com\/blog\/wp-content\/uploads\/2025\/01\/comptoir-du-cerame-espana-logo-1555491466.jpg\",\"contentUrl\":\"https:\/\/www.comptoirducerame.com\/blog\/wp-content\/uploads\/2025\/01\/comptoir-du-cerame-espana-logo-1555491466.jpg\",\"width\":1584,\"height\":671,\"caption\":\"Blog du comptoir du C\u00e9rame\"},\"image\":{\"@id\":\"https:\/\/www.comptoirducerame.com\/blog\/#\/schema\/logo\/image\/\"},\"sameAs\":[\"https:\/\/www.facebook.com\/comptoirducerame\/\",\"https:\/\/www.instagram.com\/comptoirducerame\/\",\"https:\/\/fr.pinterest.com\/comptoirducerame\/\"]}]}<\/script>\n<!-- \/ Yoast SEO plugin. -->","yoast_head_json":{"title":"Notre offre - Toutes les actualit\u00e9s et tendance du Carrelage","robots":{"index":"index","follow":"follow","max-snippet":"max-snippet:-1","max-image-preview":"max-image-preview:large","max-video-preview":"max-video-preview:-1"},"canonical":"https:\/\/www.comptoirducerame.com\/blog\/notre-offre\/","og_locale":"fr_FR","og_type":"article","og_title":"Notre offre - Toutes les actualit\u00e9s et tendance du Carrelage","og_description":"LES ESPACES Gr\u00e2ce \u00e0 ses nombreuses gammes et designs, Comptoir du C\u00e9rame vous donne l\u2019opportunit\u00e9 d\u2019am\u00e9nager et de styliser toutes les pi\u00e8ces de la maison : de la salle de bain \u00e0 la cuisine en passant m\u00eame par la terrasse. SALLE DE BAIN Endroit de douceur et de relaxation par excellence, la salle de bain &hellip; Lire la suite","og_url":"https:\/\/www.comptoirducerame.com\/blog\/notre-offre\/","og_site_name":"Toutes les actualit\u00e9s et tendance du Carrelage","article_publisher":"https:\/\/www.facebook.com\/comptoirducerame\/","article_modified_time":"2025-01-13T14:21:54+00:00","og_image":[{"width":1440,"height":1440,"url":"https:\/\/www.comptoirducerame.com\/blog\/wp-content\/uploads\/2025\/01\/170623649_1569878826519240_1746862698835690810_n.jpg","type":"image\/jpeg"}],"twitter_card":"summary_large_image","twitter_misc":{"Dur\u00e9e de lecture estim\u00e9e":"3 minutes"},"schema":{"@context":"https:\/\/schema.org","@graph":[{"@type":"WebPage","@id":"https:\/\/www.comptoirducerame.com\/blog\/notre-offre\/","url":"https:\/\/www.comptoirducerame.com\/blog\/notre-offre\/","name":"Notre offre - Toutes les actualit\u00e9s et tendance du Carrelage","isPartOf":{"@id":"https:\/\/www.comptoirducerame.com\/blog\/#website"},"primaryImageOfPage":{"@id":"https:\/\/www.comptoirducerame.com\/blog\/notre-offre\/#primaryimage"},"image":{"@id":"https:\/\/www.comptoirducerame.com\/blog\/notre-offre\/#primaryimage"},"thumbnailUrl":"https:\/\/www.comptoirducerame.com\/blog\/wp-content\/uploads\/2025\/01\/170623649_1569878826519240_1746862698835690810_n-1024x1024.jpg","datePublished":"2025-01-13T14:19:32+00:00","dateModified":"2025-01-13T14:21:54+00:00","breadcrumb":{"@id":"https:\/\/www.comptoirducerame.com\/blog\/notre-offre\/#breadcrumb"},"inLanguage":"fr-FR","potentialAction":[{"@type":"ReadAction","target":["https:\/\/www.comptoirducerame.com\/blog\/notre-offre\/"]}]},{"@type":"ImageObject","inLanguage":"fr-FR","@id":"https:\/\/www.comptoirducerame.com\/blog\/notre-offre\/#primaryimage","url":"https:\/\/www.comptoirducerame.com\/blog\/wp-content\/uploads\/2025\/01\/170623649_1569878826519240_1746862698835690810_n.jpg","contentUrl":"https:\/\/www.comptoirducerame.com\/blog\/wp-content\/uploads\/2025\/01\/170623649_1569878826519240_1746862698835690810_n.jpg","width":1440,"height":1440},{"@type":"BreadcrumbList","@id":"https:\/\/www.comptoirducerame.com\/blog\/notre-offre\/#breadcrumb","itemListElement":[{"@type":"ListItem","position":1,"name":"Accueil","item":"https:\/\/www.comptoirducerame.com\/blog\/"},{"@type":"ListItem","position":2,"name":"Notre offre"}]},{"@type":"WebSite","@id":"https:\/\/www.comptoirducerame.com\/blog\/#website","url":"https:\/\/www.comptoirducerame.com\/blog\/","name":"Blog du comptoir du C\u00e9rame","description":"","publisher":{"@id":"https:\/\/www.comptoirducerame.com\/blog\/#organization"},"potentialAction":[{"@type":"SearchAction","target":{"@type":"EntryPoint","urlTemplate":"https:\/\/www.comptoirducerame.com\/blog\/?s={search_term_string}"},"query-input":{"@type":"PropertyValueSpecification","valueRequired":true,"valueName":"search_term_string"}}],"inLanguage":"fr-FR"},{"@type":"Organization","@id":"https:\/\/www.comptoirducerame.com\/blog\/#organization","name":"Blog du comptoir du C\u00e9rame","url":"https:\/\/www.comptoirducerame.com\/blog\/","logo":{"@type":"ImageObject","inLanguage":"fr-FR","@id":"https:\/\/www.comptoirducerame.com\/blog\/#\/schema\/logo\/image\/","url":"https:\/\/www.comptoirducerame.com\/blog\/wp-content\/uploads\/2025\/01\/comptoir-du-cerame-espana-logo-1555491466.jpg","contentUrl":"https:\/\/www.comptoirducerame.com\/blog\/wp-content\/uploads\/2025\/01\/comptoir-du-cerame-espana-logo-1555491466.jpg","width":1584,"height":671,"caption":"Blog du comptoir du C\u00e9rame"},"image":{"@id":"https:\/\/www.comptoirducerame.com\/blog\/#\/schema\/logo\/image\/"},"sameAs":["https:\/\/www.facebook.com\/comptoirducerame\/","https:\/\/www.instagram.com\/comptoirducerame\/","https:\/\/fr.pinterest.com\/comptoirducerame\/"]}]}},"_links":{"self":[{"href":"https:\/\/www.comptoirducerame.com\/blog\/wp-json\/wp\/v2\/pages\/16464","targetHints":{"allow":["GET"]}}],"collection":[{"href":"https:\/\/www.comptoirducerame.com\/blog\/wp-json\/wp\/v2\/pages"}],"about":[{"href":"https:\/\/www.comptoirducerame.com\/blog\/wp-json\/wp\/v2\/types\/page"}],"author":[{"embeddable":true,"href":"https:\/\/www.comptoirducerame.com\/blog\/wp-json\/wp\/v2\/users\/1"}],"replies":[{"embeddable":true,"href":"https:\/\/www.comptoirducerame.com\/blog\/wp-json\/wp\/v2\/comments?post=16464"}],"version-history":[{"count":13,"href":"https:\/\/www.comptoirducerame.com\/blog\/wp-json\/wp\/v2\/pages\/16464\/revisions"}],"predecessor-version":[{"id":16482,"href":"https:\/\/www.comptoirducerame.com\/blog\/wp-json\/wp\/v2\/pages\/16464\/revisions\/16482"}],"wp:attachment":[{"href":"https:\/\/www.comptoirducerame.com\/blog\/wp-json\/wp\/v2\/media?parent=16464"}],"curies":[{"name":"wp","href":"https:\/\/api.w.org\/{rel}","templated":true}]}}